{"id":8,"date":"2022-05-06T04:59:39","date_gmt":"2022-05-06T02:59:39","guid":{"rendered":"https:\/\/www.vos-fg.de\/?page_id=8"},"modified":"2022-05-06T10:55:08","modified_gmt":"2022-05-06T08:55:08","slug":"ueber-vos-fg","status":"publish","type":"page","link":"https:\/\/www.vos-fg.de\/index.php\/ueber-vos-fg\/","title":{"rendered":"\u00dcber Vos-fg"},"content":{"rendered":"\n<p>Vos-fg ist eine kreative Plattform zum Teilen von Einrichtungsgegenst\u00e4nden mit dem Zweck, einen guten Artikel zu teilen, f\u00fcr Gruppen, die sich \u00fcber Kleidung, M\u00f6bel, K\u00fcchenutensilien, Spielzeug und andere Informationen informieren m\u00f6chten.<\/p>\n\n\n\n<div class=\"wp-block-image\"><figure class=\"aligncenter size-large is-resized\"><a href=\"https:\/\/classiccollection.se\/de\/einrichtung\/dekoration-hammered-gold\/\" target=\"_blank\" rel=\"noopener\"><img decoding=\"async\" src=\"https:\/\/www.vos-fg.de\/wp-content\/uploads\/2022\/05\/57-1024x400.webp\" alt=\"\u00dcber Vos-fg\" class=\"wp-image-9\" width=\"500\" srcset=\"https:\/\/www.vos-fg.de\/wp-content\/uploads\/2022\/05\/57-1024x400.webp 1024w, https:\/\/www.vos-fg.de\/wp-content\/uploads\/2022\/05\/57-300x117.webp 300w, https:\/\/www.vos-fg.de\/wp-content\/uploads\/2022\/05\/57-768x300.webp 768w, https:\/\/www.vos-fg.de\/wp-content\/uploads\/2022\/05\/57.webp 1280w\" sizes=\"(max-width: 1024px) 100vw, 1024px\" \/><\/a><\/figure><\/div>\n\n\n\n<p>Hier teilen wir verschiedene praktische Artikel in Form von Kolumnen, die in Kategorien wie Kleidung, M\u00f6bel, K\u00fcchenger\u00e4te, Spielzeug usw. unterteilt sind. Sie erfahren alles \u00fcber kreatives Wohnen, Dekorationen, praktische Haushaltsger\u00e4te, interessante Informationen zum Thema Spielzeug Designs, die neuesten Modetrends und mehr. W\u00e4hrend Sie durch den Artikel bl\u00e4ttern, k\u00f6nnen Sie mit einem Klick auf ein bestimmtes Bild auch auf die entsprechende Detailseite springen und sich so sofort \u00fcber Ihre Lieblingsartikel informieren.<\/p>\n\n\n\n<div class=\"wp-block-image\"><figure class=\"aligncenter size-large is-resized\"><a href=\"https:\/\/www.vos-fg.de\/\"><img decoding=\"async\" src=\"https:\/\/www.vos-fg.de\/wp-content\/uploads\/2022\/05\/61-1024x681.jpg\" alt=\"\u00dcber Vos-fg\" class=\"wp-image-10\" width=\"500\" srcset=\"https:\/\/www.vos-fg.de\/wp-content\/uploads\/2022\/05\/61-1024x681.jpg 1024w, https:\/\/www.vos-fg.de\/wp-content\/uploads\/2022\/05\/61-300x200.jpg 300w, https:\/\/www.vos-fg.de\/wp-content\/uploads\/2022\/05\/61-768x511.jpg 768w, https:\/\/www.vos-fg.de\/wp-content\/uploads\/2022\/05\/61.jpg 1200w\" sizes=\"(max-width: 1024px) 100vw, 1024px\" \/><\/a><\/figure><\/div>\n\n\n\n<p>In Zukunft werden wir weitere praktische Artikel herausbringen, einen ausgew\u00e4hlten Artikel pro Tag, um Ihre Verwirrung zu l\u00f6sen; einen ausgew\u00e4hlten Artikel pro Tag, um Ihr Leben und Ihre Arbeit einfacher zu machen.<\/p>\n","protected":false},"excerpt":{"rendered":"<p>Vos-fg ist eine kreative Plattform zum Teilen von Einrichtungsgegenst\u00e4nden mit dem Zweck, einen guten Artikel zu teilen, f\u00fcr Gruppen, die sich \u00fcber Kleidung, M\u00f6bel, K\u00fcchenutensilien, Spielzeug und andere Informationen informieren m\u00f6chten. Hier teilen wir&#46;&#46;&#46;<\/p>\n","protected":false},"author":1,"featured_media":0,"parent":0,"menu_order":0,"comment_status":"closed","ping_status":"closed","template":"","meta":{"footnotes":""},"class_list":["post-8","page","type-page","status-publish","hentry"],"_links":{"self":[{"href":"https:\/\/www.vos-fg.de\/index.php\/wp-json\/wp\/v2\/pages\/8","targetHints":{"allow":["GET"]}}],"collection":[{"href":"https:\/\/www.vos-fg.de\/index.php\/wp-json\/wp\/v2\/pages"}],"about":[{"href":"https:\/\/www.vos-fg.de\/index.php\/wp-json\/wp\/v2\/types\/page"}],"author":[{"embeddable":true,"href":"https:\/\/www.vos-fg.de\/index.php\/wp-json\/wp\/v2\/users\/1"}],"replies":[{"embeddable":true,"href":"https:\/\/www.vos-fg.de\/index.php\/wp-json\/wp\/v2\/comments?post=8"}],"version-history":[{"count":2,"href":"https:\/\/www.vos-fg.de\/index.php\/wp-json\/wp\/v2\/pages\/8\/revisions"}],"predecessor-version":[{"id":162,"href":"https:\/\/www.vos-fg.de\/index.php\/wp-json\/wp\/v2\/pages\/8\/revisions\/162"}],"wp:attachment":[{"href":"https:\/\/www.vos-fg.de\/index.php\/wp-json\/wp\/v2\/media?parent=8"}],"curies":[{"name":"wp","href":"https:\/\/api.w.org\/{rel}","templated":true}]}}